{"id":15461,"date":"2020-11-22T23:10:06","date_gmt":"2020-11-22T23:10:06","guid":{"rendered":"http:\/\/test.fukctrikwow.com\/wp\/?post_type=product&#038;p=15461"},"modified":"2020-11-22T23:10:06","modified_gmt":"2020-11-22T23:10:06","slug":"your-beat-finder","status":"publish","type":"product","link":"https:\/\/test.fukctrikwow.com\/wp\/product\/your-beat-finder\/","title":{"rendered":"Your beat finder"},"content":{"rendered":"<p>Toate tricourile noastre sunt din bumbac 100%, cu aspect m\u0103t\u0103sos, astfel \u00eenc\u00e2t s\u0103 se potriveasc\u0103 outfit-urilor casual \u0219i smart casual. Extrem de pl\u0103cute la atingere, pentru c\u0103 ne-am g\u00e2ndit la tine, dar \u0219i la cei care ar vrea s\u0103 te simt\u0103 mai aproape.<\/p>\n<p>O sear\u0103 \u00een ora\u0219? Tricoul t\u0103u cel mai cool \u0219i o pereche de blugi \u0219i las\u0103 mesajul s\u0103 spun\u0103 mai multe despre tine.<\/p>\n<p>O zi la birou? Tricoul t\u0103u cu mesaj sub un sacou \u0219i st\u00e2rne\u0219te-le colegilor curiozitatea.<\/p>\n<p><strong>Mesaj de la tricoul t\u0103u:<\/strong><\/p>\n<p>\u201eHei! Eu sunt cel mai mi\u0219to tricou al t\u0103u \u00eencep\u00e2nd de acum. Pentru a m\u0103 purta c\u00e2t mai mult, te rog s\u0103 \u00eemi \u00eendepline\u0219ti 3 dorin\u021be:<\/p>\n<p>Spal\u0103-m\u0103 la 30 de grade<\/p>\n<p>Fii generos cu balsamul pentru rufe negre<\/p>\n<p>Calc\u0103-m\u0103 pe dos<\/p>\n<p>Al t\u0103u,<\/p>\n<p><strong>#fucktrikwow\u201d<\/strong><\/p>\n<p><img src=\"http:\/\/test.fukctrikwow.com\/wp\/wp-content\/uploads\/2020\/11\/size-barbati.jpg\" alt=\"\" style=\"width: 100%; max-width: 545px; display: inline-block;\" \/> <img src=\"http:\/\/test.fukctrikwow.com\/wp\/wp-content\/uploads\/2020\/11\/size-femei.jpg\" alt=\"\" style=\"width: 100%; max-width: 545px; display: inline-block;\" \/><\/p>\n","protected":false},"excerpt":{"rendered":"<p>Toate tricourile noastre sunt din bumbac 100%, cu aspect m\u0103t\u0103sos, astfel \u00eenc\u00e2t s\u0103 se potriveasc\u0103 outfit-urilor casual \u0219i smart casual. Extrem de pl\u0103cute la atingere, pentru c\u0103 ne-am g\u00e2ndit la tine, dar \u0219i la cei care ar vrea s\u0103 te simt\u0103 mai aproape. O sear\u0103 \u00een ora\u0219? Tricoul t\u0103u cel mai cool \u0219i o pereche [&hellip;]<\/p>\n","protected":false},"featured_media":15462,"template":"","meta":[],"_links":{"self":[{"href":"https:\/\/test.fukctrikwow.com\/wp\/wp-json\/wp\/v2\/product\/15461"}],"collection":[{"href":"https:\/\/test.fukctrikwow.com\/wp\/wp-json\/wp\/v2\/product"}],"about":[{"href":"https:\/\/test.fukctrikwow.com\/wp\/wp-json\/wp\/v2\/types\/product"}],"wp:featuredmedia":[{"embeddable":true,"href":"https:\/\/test.fukctrikwow.com\/wp\/wp-json\/wp\/v2\/media\/15462"}],"wp:attachment":[{"href":"https:\/\/test.fukctrikwow.com\/wp\/wp-json\/wp\/v2\/media?parent=15461"}],"curies":[{"name":"wp","href":"https:\/\/api.w.org\/{rel}","templated":true}]}}